{"id":4858,"date":"2024-07-15T15:57:24","date_gmt":"2024-07-15T15:57:24","guid":{"rendered":"https:\/\/oldachtrading.com\/en\/product\/mdv-mission-elegance\/"},"modified":"2024-09-11T14:36:00","modified_gmt":"2024-09-11T14:36:00","slug":"mdv-mission-elegance","status":"publish","type":"product","link":"https:\/\/oldachtrading.com\/en\/producto\/mdv-mission-elegance\/","title":{"rendered":"MDV Mission Elegance"},"content":{"rendered":"<p>[vc_row rt_row_background_width=&#8221;default&#8221; rt_row_style=&#8221;default-style&#8221; rt_row_borders=&#8221;&#8221; rt_row_paddings=&#8221;true&#8221; rt_bg_effect=&#8221;classic&#8221; rt_bg_image_repeat=&#8221;repeat&#8221; rt_bg_size=&#8221;cover&#8221; rt_bg_position=&#8221;right top&#8221; rt_bg_attachment=&#8221;scroll&#8221; rt_bg_video_format=&#8221;self-hosted&#8221;][vc_column rt_bg_image_repeat=&#8221;repeat&#8221; rt_bg_size=&#8221;auto auto&#8221; rt_bg_attachment=&#8221;scroll&#8221;][vc_column_text]<\/p>\n<h3>Calidad y eficiencia reflejada en elegancia moderna.<\/h3>\n<ul>\n<li><strong>Dise\u00f1o Optimizado<\/strong><br \/>\nProcesador Alpha Energy con algoritmo Mission X. Mantiene la habitaci\u00f3n fr\u00eda con bajo consumo de energ\u00eda.<\/li>\n<li><strong>Operaci\u00f3n Silenciosa<\/strong><br \/>\nSonido de 20db para asegurar que todos en la familia duerman en armon\u00eda y sin ruidos innecesarios.<\/li>\n<li><strong>Modo E-Max<\/strong><br \/>\nCapacidad de enfriar por de 8 horas con tan solo 1kWh de consumo energ\u00e9tico.<\/li>\n<li><strong>Flujo de Aire 3D<\/strong><br \/>\nMovimiento en m\u00faltiples direcciones para flujo de aire en toda la habitaci\u00f3n.<\/li>\n<li><strong>Conexiones Inteligentes<\/strong><br \/>\nOpci\u00f3n de conectividad WiFi v\u00eda USB Smart Kit, Amazon Echo y Google Home.<\/li>\n<li><strong>Recubrimiento PrimeGuard<\/strong><br \/>\nMayor resistencia a la oxidaci\u00f3n y corrosi\u00f3n para ofrecer larga durabilidad.<\/li>\n<\/ul>\n<p>[\/vc_column_text][vc_btn title=&#8221;Download Brochure&#8221; style=&#8221;flat&#8221; color=&#8221;blue&#8221; link=&#8221;url:%2Fwp-content%2Fuploads%2FMDV-Mission-Elegance-Trading.pdf||target:%20_blank|&#8221;][\/vc_column][\/vc_row]<\/p>\n","protected":false},"excerpt":{"rendered":"<ul>\n<li>Up to 21 SEER<\/li>\n<li>Optimized Design<\/li>\n<li>Anti Corrosive Treatment<\/li>\n<li>Xtreme Savings<\/li>\n<\/ul>\n","protected":false},"featured_media":5307,"comment_status":"closed","ping_status":"closed","template":"","meta":[],"product_cat":[26],"product_tag":[],"class_list":{"0":"post-4858","1":"product","2":"type-product","3":"status-publish","4":"has-post-thumbnail","6":"product_cat-residential","8":"first","9":"instock","10":"shipping-taxable","11":"product-type-simple"},"_links":{"self":[{"href":"https:\/\/oldachtrading.com\/en\/wp-json\/wp\/v2\/product\/4858"}],"collection":[{"href":"https:\/\/oldachtrading.com\/en\/wp-json\/wp\/v2\/product"}],"about":[{"href":"https:\/\/oldachtrading.com\/en\/wp-json\/wp\/v2\/types\/product"}],"replies":[{"embeddable":true,"href":"https:\/\/oldachtrading.com\/en\/wp-json\/wp\/v2\/comments?post=4858"}],"wp:featuredmedia":[{"embeddable":true,"href":"https:\/\/oldachtrading.com\/en\/wp-json\/wp\/v2\/media\/5307"}],"wp:attachment":[{"href":"https:\/\/oldachtrading.com\/en\/wp-json\/wp\/v2\/media?parent=4858"}],"wp:term":[{"taxonomy":"product_cat","embeddable":true,"href":"https:\/\/oldachtrading.com\/en\/wp-json\/wp\/v2\/product_cat?post=4858"},{"taxonomy":"product_tag","embeddable":true,"href":"https:\/\/oldachtrading.com\/en\/wp-json\/wp\/v2\/product_tag?post=4858"}],"curies":[{"name":"wp","href":"https:\/\/api.w.org\/{rel}","templated":true}]}}